{"id":2604,"date":"2023-01-14T19:52:01","date_gmt":"2023-01-14T19:52:01","guid":{"rendered":"https:\/\/dadocastellobranco.com.br\/?page_id=2604"},"modified":"2025-04-14T16:32:23","modified_gmt":"2025-04-14T19:32:23","slug":"projetos-empreendimentos","status":"publish","type":"page","link":"https:\/\/dadocastellobranco.com.br\/en\/projetos-empreendimentos\/","title":{"rendered":"Projetos Empreendimentos"},"content":{"rendered":"<div data-elementor-type=\"wp-page\" data-elementor-id=\"2604\" class=\"elementor elementor-2604\" data-elementor-settings=\"{&quot;page_masthead_header_background_color&quot;:&quot;#ffffff&quot;,&quot;page_masthead_featured_background_color&quot;:&quot;#f8f8f8&quot;}\">\n\t\t\t\t\t\t<section class=\"elementor-section elementor-top-section elementor-element elementor-element-4443c280 elementor-section-full_width bg-white elementor-section-height-default elementor-section-height-default\" data-id=\"4443c280\" data-element_type=\"section\" data-settings=\"{&quot;theme_section_color&quot;:&quot;bg-white&quot;}\">\n\t\t\t\t\t\t<div class=\"elementor-container elementor-column-gap-no\">\n\t\t\t\t\t<div class=\"elementor-column elementor-col-100 elementor-top-column elementor-element elementor-element-7c3761f5\" data-id=\"7c3761f5\" data-element_type=\"column\">\n\t\t\t<div class=\"elementor-widget-wrap elementor-element-populated\">\n\t\t\t\t\t\t<div class=\"elementor-element elementor-element-a9345 elementor-widget elementor-widget-kinsey-widget-portfolio-fullscreen-horizontal-scrolling\" data-id=\"a9345\" data-element_type=\"widget\" data-settings=\"{&quot;items_columns_width&quot;:&quot;6&quot;,&quot;items_columns_width_tablet&quot;:&quot;6&quot;,&quot;items_columns_width_mobile&quot;:&quot;12&quot;}\" data-widget_type=\"kinsey-widget-portfolio-fullscreen-horizontal-scrolling.default\">\n\t\t\t\t<div class=\"elementor-widget-container\">\n\t\t\t\t\t\t\t<div class=\"section section-fullheight section-fullscreen-columns section-horizontal-scroll\" data-arts-horizontal-scroll=\"container\" data-arts-horizontal-scroll-type=\"modular\" data-arts-horizontal-scroll-toggle-class=\"in-view\" data-arts-horizontal-scroll-direction=\"right\">\n\t\t\t<div class=\"section-horizontal-scroll__wrapper\" data-arts-horizontal-scroll=\"wrapper\">\n\t\t\t\t<div class=\"d-flex flex-wrap flex-lg-nowrap w-100vw h-lg-100vh-fix-bar\">\n\t\t\t\t\t\t\t\t\t\t\t<div class=\"section-fullscreen-columns__header d-flex flex-wrap col-lg-6 pt-xlarge pb-large container-fluid\" data-arts-horizontal-scroll=\"section\" data-arts-os-animation=\"true\" data-arts-os-animation-name=\"animateText\">\n\t\t\t\t\t\t\t<div class=\"w-100 mt-auto\">\n\t\t\t\t\t\t\t\t<h1\t\t\t\t\t\t\t\tclass=\"section__heading my-0 h1 arts-split-text js-arts-split-text\" data-arts-split-text=\"lines\" data-arts-split-text-set=\"lines\" data-arts-split-text-set-direction=\"y\" data-arts-split-text-set-distance=\"-100%\" data-arts-split-text-overflow-wrap=\"lines\">\n\t\t\t\t\t\t\t\tEnterprises\t\t\t\t\t\t\t\t<\/h1>\n\t\t\t\t\t\t\t<\/div>\n\t\t\t\t\t\t\t\t\t\t\t\t\t\t\t<div class=\"w-100 align-self-end\">\n\t\t\t\t\t\t\t\t\t<div class=\"paragraph arts-split-text js-arts-split-text arts-split-text js-arts-split-text\" data-arts-split-text=\"lines\" data-arts-split-text-set=\"lines\" data-arts-split-text-overflow-wrap=\"lines\" data-arts-split-text-set-direction=\"y\" data-arts-split-text-set-distance=\"-100%\">\n\t\t\t\t\t\t\t\t\t\tEach venture is unique and has characteristics that adapt to different environments and places. Taking all your needs and wishes into consideration and always aiming for comfort. In addition to having a transforming power in people's lives, it promotes coexistence and changes in habits.\t\t\t\t\t\t\t\t\t<\/div>\n\t\t\t\t\t\t\t\t<\/div>\n\t\t\t\t\t\t\t\t\t\t\t\t\t<\/div>\n\t\t\t\t\t\t\t\t\t\t\t\t\t\t\t\t\t\t\t\t\t<div class=\"section-fullscreen-columns__border col-lg-6 col-sm-6 col-12 mask-reveal\" data-arts-horizontal-scroll=\"section\" data-arts-os-animation=\"true\" data-arts-os-animation-name=\"animateMask\" data-arts-os-animation-params=\"{&quot;direction&quot;:&quot;down&quot;,&quot;scale&quot;:1}\">\n\t\t\t\t\t\t\t\t\t\t\t<div class=\"mask-reveal__layer mask-reveal__layer-1\">\n\t\t\t\t\t\t<div class=\"mask-reveal__layer mask-reveal__layer-2\">\n\t\t\t\t\t\t\t\t\t\t\t\t\t\t\t\t\t\t<div class=\"container-fluid h-100 pt-medium pb-small\" data-arts-theme-text=\"dark\" style=\"background: #FFFFFF;\">\n\t\t\t\t\t\t\t<div class=\"figure-project d-flex justify-content-between flex-column w-100 h-100\" data-arts-hover-class=\"hover-zoom-underline\">\n\t\t\t\t\t\t\t\t\t\t\t\t\t\t\t\t\t\t\t\t\t\t<a class=\"figure-project__wrapper-img h-100 overflow mask-reveal\" aria-label=\"Vitra \u2013 JHSF\" href=\"https:\/\/dadocastellobranco.com.br\/en\/portfolio\/vitra-jhsf-565m2-1-145-m2\/\" data-arts-hover=\"trigger\">\n\t\t\t\t\t\t\t\t\t\t\t\t\t\t\t\t\n\t<div class=\"hover-zoom__inner\">\n\n\t\t\t<div class=\"mask-reveal__layer mask-reveal__layer-1\">\n\t\t\t<div class=\"mask-reveal__layer mask-reveal__layer-2\">\n\t\n\t\t\n\t\t\t\n\t\t\t\t\t\n\t\t\t\t\t\t\t<img fetchpriority=\"high\" decoding=\"async\" class=\"lazy-bg of-cover\" src=\"data:image\/png;base64,iVBORw0KGgoAAAANSUhEUgAAAAEAAAABCAQAAAHCGzyUAAAABGdBTUEAALGPC\/xhBQAAADhlWElmTU0AKgAAAAgAAYdpAAQAAAABAAAAGgAAAAAAAqACAAQAAAABAAAAAaADAAQAAAABAAAAAQAAAADa6r\/EAAAAC0lEQVQI12NolQQAASYAn89qhTcAAAAASUVORK5CYII=\" data-id=\"3757\" data-src=\"https:\/\/dadocastellobranco.com.br\/wp-content\/uploads\/2023\/03\/image-133.jpeg\" width=\"1440\" height=\"810\" data-srcset=\"https:\/\/dadocastellobranco.com.br\/wp-content\/uploads\/2023\/03\/image-133.jpeg 1440w, https:\/\/dadocastellobranco.com.br\/wp-content\/uploads\/2023\/03\/image-133-300x169.jpeg 300w, https:\/\/dadocastellobranco.com.br\/wp-content\/uploads\/2023\/03\/image-133-1024x576.jpeg 1024w, https:\/\/dadocastellobranco.com.br\/wp-content\/uploads\/2023\/03\/image-133-768x432.jpeg 768w\" data-sizes=\"(max-width: 1440px) 100vw, 1440px\" alt=\"\">\n\t\t\t\t\t\t\t\n\t\t\n\t\t\t\n\t\t\n\t\t\t\t<\/div>\n\t\t<\/div>\n\t\n\t\n\t<\/div>\n\t\t\t\t\t\t\t\t\t\t\t\t\t\t\t<\/a>\n\t\t\t\t\t\t\t\t\t\t\t\t\t\t<div class=\"figure-project__content mt-4\" data-arts-os-animation=\"true\" data-arts-os-animation-name=\"animateText\" data-arts-os-animation-params=\"{&quot;delay&quot;:&quot;0.3&quot;}\">\n\t\t\t\t\t\t\t\n\t\t\t\t\t\t\t\t\t\t\t\t\t\t\t\t\t\t<a class=\"d-inline-block underline-hover pointer-events-auto\" href=\"https:\/\/dadocastellobranco.com.br\/en\/portfolio\/vitra-jhsf-565m2-1-145-m2\/\" data-arts-hover=\"trigger\">\n\t    <h2\t\t\tclass=\"d-inline-block my-0 h5 underline-hover__target arts-split-text js-arts-split-text\" data-arts-split-text=\"lines\" data-arts-split-text-set=\"lines\" data-arts-split-text-overflow-wrap=\"lines\">Vitra \u2013 JHSF  <\/h2>\n\t\t\t<\/a>\n<div class=\"w-100\"><\/div>\n\t\t\t\t\t\t\t\t\n\t\t\t\t\t\t\t\t\t<\/div>\n\t\t\t\t\t\t<\/div>\n\t\t\t\t\t\t<\/div>\n\t\t\t\t\t\t\t\t\t\t\t\t\t\t\t\t\t\t\t\t\t\t\t<\/div>\n\t\t\t\t\t<\/div>\n\t\t\t\t\t\t\t\t\t<\/div>\n\t\t\t\t\t\t\t\t\t\t\t\t\t\t<div class=\"section-fullscreen-columns__border col-lg-6 col-sm-6 col-12 mask-reveal\" data-arts-horizontal-scroll=\"section\" data-arts-os-animation=\"true\" data-arts-os-animation-name=\"animateMask\" data-arts-os-animation-params=\"{&quot;direction&quot;:&quot;down&quot;,&quot;scale&quot;:1}\">\n\t\t\t\t\t\t\t\t\t\t\t<div class=\"mask-reveal__layer mask-reveal__layer-1\">\n\t\t\t\t\t\t<div class=\"mask-reveal__layer mask-reveal__layer-2\">\n\t\t\t\t\t\t\t\t\t\t\t\t\t\t\t\t\t\t<div class=\"container-fluid h-100 pt-medium pb-small\" data-arts-theme-text=\"dark\" style=\"background: #FFFFFF;\">\n\t\t\t\t\t\t\t<div class=\"figure-project d-flex justify-content-between flex-column w-100 h-100\" data-arts-hover-class=\"hover-zoom-underline\">\n\t\t\t\t\t\t\t\t\t\t\t\t\t\t\t\t\t\t\t\t\t\t<a class=\"figure-project__wrapper-img h-100 overflow mask-reveal\" aria-label=\"Aet\u00e9 \u2013 Setin\" href=\"https:\/\/dadocastellobranco.com.br\/en\/portfolio\/aete-setin\/\" data-arts-hover=\"trigger\">\n\t\t\t\t\t\t\t\t\t\t\t\t\t\t\t\t\n\t<div class=\"hover-zoom__inner\">\n\n\t\t\t<div class=\"mask-reveal__layer mask-reveal__layer-1\">\n\t\t\t<div class=\"mask-reveal__layer mask-reveal__layer-2\">\n\t\n\t\t\n\t\t\t\n\t\t\t\t\t\n\t\t\t\t\t\t\t<img decoding=\"async\" class=\"lazy-bg of-cover\" src=\"data:image\/png;base64,iVBORw0KGgoAAAANSUhEUgAAAAEAAAABCAQAAAHCGzyUAAAABGdBTUEAALGPC\/xhBQAAADhlWElmTU0AKgAAAAgAAYdpAAQAAAABAAAAGgAAAAAAAqACAAQAAAABAAAAAaADAAQAAAABAAAAAQAAAADa6r\/EAAAAC0lEQVQI12NolQQAASYAn89qhTcAAAAASUVORK5CYII=\" data-id=\"3742\" data-src=\"https:\/\/dadocastellobranco.com.br\/wp-content\/uploads\/2023\/03\/image-124.jpeg\" width=\"1440\" height=\"900\" data-srcset=\"https:\/\/dadocastellobranco.com.br\/wp-content\/uploads\/2023\/03\/image-124.jpeg 1440w, https:\/\/dadocastellobranco.com.br\/wp-content\/uploads\/2023\/03\/image-124-300x188.jpeg 300w, https:\/\/dadocastellobranco.com.br\/wp-content\/uploads\/2023\/03\/image-124-1024x640.jpeg 1024w, https:\/\/dadocastellobranco.com.br\/wp-content\/uploads\/2023\/03\/image-124-768x480.jpeg 768w\" data-sizes=\"(max-width: 1440px) 100vw, 1440px\" alt=\"\">\n\t\t\t\t\t\t\t\n\t\t\n\t\t\t\n\t\t\n\t\t\t\t<\/div>\n\t\t<\/div>\n\t\n\t\n\t<\/div>\n\t\t\t\t\t\t\t\t\t\t\t\t\t\t\t<\/a>\n\t\t\t\t\t\t\t\t\t\t\t\t\t\t<div class=\"figure-project__content mt-4\" data-arts-os-animation=\"true\" data-arts-os-animation-name=\"animateText\" data-arts-os-animation-params=\"{&quot;delay&quot;:&quot;0.3&quot;}\">\n\t\t\t\t\t\t\t\n\t\t\t\t\t\t\t\t\t\t\t\t\t\t\t\t\t\t<a class=\"d-inline-block underline-hover pointer-events-auto\" href=\"https:\/\/dadocastellobranco.com.br\/en\/portfolio\/aete-setin\/\" data-arts-hover=\"trigger\">\n\t    <h2\t\t\tclass=\"d-inline-block my-0 h5 underline-hover__target arts-split-text js-arts-split-text\" data-arts-split-text=\"lines\" data-arts-split-text-set=\"lines\" data-arts-split-text-overflow-wrap=\"lines\">Aet\u00e9 \u2013 Setin  <\/h2>\n\t\t\t<\/a>\n<div class=\"w-100\"><\/div>\n\t\t\t\t\t\t\t\t\n\t\t\t\t\t\t\t\t\t<\/div>\n\t\t\t\t\t\t<\/div>\n\t\t\t\t\t\t<\/div>\n\t\t\t\t\t\t\t\t\t\t\t\t\t\t\t\t\t\t\t\t\t\t\t<\/div>\n\t\t\t\t\t<\/div>\n\t\t\t\t\t\t\t\t\t<\/div>\n\t\t\t\t\t\t\t\t\t\t\t\t\t\t<div class=\"section-fullscreen-columns__border col-lg-6 col-sm-6 col-12 mask-reveal\" data-arts-horizontal-scroll=\"section\" data-arts-os-animation=\"true\" data-arts-os-animation-name=\"animateMask\" data-arts-os-animation-params=\"{&quot;direction&quot;:&quot;down&quot;,&quot;scale&quot;:1}\">\n\t\t\t\t\t\t\t\t\t\t\t<div class=\"mask-reveal__layer mask-reveal__layer-1\">\n\t\t\t\t\t\t<div class=\"mask-reveal__layer mask-reveal__layer-2\">\n\t\t\t\t\t\t\t\t\t\t\t\t\t\t\t\t\t\t<div class=\"container-fluid h-100 pt-medium pb-small\" data-arts-theme-text=\"dark\" style=\"background: #FFFFFF;\">\n\t\t\t\t\t\t\t<div class=\"figure-project d-flex justify-content-between flex-column w-100 h-100\" data-arts-hover-class=\"hover-zoom-underline\">\n\t\t\t\t\t\t\t\t\t\t\t\t\t\t\t\t\t\t\t\t\t\t<a class=\"figure-project__wrapper-img h-100 overflow mask-reveal\" aria-label=\"Le Parc \u2013 Dialogo\" href=\"https:\/\/dadocastellobranco.com.br\/en\/portfolio\/le-parc-dialogo\/\" data-arts-hover=\"trigger\">\n\t\t\t\t\t\t\t\t\t\t\t\t\t\t\t\t\n\t<div class=\"hover-zoom__inner\">\n\n\t\t\t<div class=\"mask-reveal__layer mask-reveal__layer-1\">\n\t\t\t<div class=\"mask-reveal__layer mask-reveal__layer-2\">\n\t\n\t\t\n\t\t\t\n\t\t\t\t\t\n\t\t\t\t\t\t\t<img decoding=\"async\" class=\"lazy-bg of-cover\" src=\"data:image\/png;base64,iVBORw0KGgoAAAANSUhEUgAAAAEAAAABCAQAAAHCGzyUAAAABGdBTUEAALGPC\/xhBQAAADhlWElmTU0AKgAAAAgAAYdpAAQAAAABAAAAGgAAAAAAAqACAAQAAAABAAAAAaADAAQAAAABAAAAAQAAAADa6r\/EAAAAC0lEQVQI12NolQQAASYAn89qhTcAAAAASUVORK5CYII=\" data-id=\"3726\" data-src=\"https:\/\/dadocastellobranco.com.br\/wp-content\/uploads\/2023\/03\/image-114.jpeg\" width=\"1440\" height=\"810\" data-srcset=\"https:\/\/dadocastellobranco.com.br\/wp-content\/uploads\/2023\/03\/image-114.jpeg 1440w, https:\/\/dadocastellobranco.com.br\/wp-content\/uploads\/2023\/03\/image-114-300x169.jpeg 300w, https:\/\/dadocastellobranco.com.br\/wp-content\/uploads\/2023\/03\/image-114-1024x576.jpeg 1024w, https:\/\/dadocastellobranco.com.br\/wp-content\/uploads\/2023\/03\/image-114-768x432.jpeg 768w\" data-sizes=\"(max-width: 1440px) 100vw, 1440px\" alt=\"\">\n\t\t\t\t\t\t\t\n\t\t\n\t\t\t\n\t\t\n\t\t\t\t<\/div>\n\t\t<\/div>\n\t\n\t\n\t<\/div>\n\t\t\t\t\t\t\t\t\t\t\t\t\t\t\t<\/a>\n\t\t\t\t\t\t\t\t\t\t\t\t\t\t<div class=\"figure-project__content mt-4\" data-arts-os-animation=\"true\" data-arts-os-animation-name=\"animateText\" data-arts-os-animation-params=\"{&quot;delay&quot;:&quot;0.3&quot;}\">\n\t\t\t\t\t\t\t\n\t\t\t\t\t\t\t\t\t\t\t\t\t\t\t\t\t\t<a class=\"d-inline-block underline-hover pointer-events-auto\" href=\"https:\/\/dadocastellobranco.com.br\/en\/portfolio\/le-parc-dialogo\/\" data-arts-hover=\"trigger\">\n\t    <h2\t\t\tclass=\"d-inline-block my-0 h5 underline-hover__target arts-split-text js-arts-split-text\" data-arts-split-text=\"lines\" data-arts-split-text-set=\"lines\" data-arts-split-text-overflow-wrap=\"lines\">Le Parc \u2013 Dialogo  <\/h2>\n\t\t\t<\/a>\n<div class=\"w-100\"><\/div>\n\t\t\t\t\t\t\t\t\n\t\t\t\t\t\t\t\t\t<\/div>\n\t\t\t\t\t\t<\/div>\n\t\t\t\t\t\t<\/div>\n\t\t\t\t\t\t\t\t\t\t\t\t\t\t\t\t\t\t\t\t\t\t\t<\/div>\n\t\t\t\t\t<\/div>\n\t\t\t\t\t\t\t\t\t<\/div>\n\t\t\t\t\t\t\t\t\t\t\t\t\t\t<div class=\"section-fullscreen-columns__border col-lg-6 col-sm-6 col-12 mask-reveal\" data-arts-horizontal-scroll=\"section\" data-arts-os-animation=\"true\" data-arts-os-animation-name=\"animateMask\" data-arts-os-animation-params=\"{&quot;direction&quot;:&quot;down&quot;,&quot;scale&quot;:1}\">\n\t\t\t\t\t\t\t\t\t\t\t<div class=\"mask-reveal__layer mask-reveal__layer-1\">\n\t\t\t\t\t\t<div class=\"mask-reveal__layer mask-reveal__layer-2\">\n\t\t\t\t\t\t\t\t\t\t\t\t\t\t\t\t\t\t<div class=\"container-fluid h-100 pt-medium pb-small\" data-arts-theme-text=\"dark\" style=\"background: #FFFFFF;\">\n\t\t\t\t\t\t\t<div class=\"figure-project d-flex justify-content-between flex-column w-100 h-100\" data-arts-hover-class=\"hover-zoom-underline\">\n\t\t\t\t\t\t\t\t\t\t\t\t\t\t\t\t\t\t\t\t\t\t<a class=\"figure-project__wrapper-img h-100 overflow mask-reveal\" aria-label=\"Pra\u00e7a Ibiapin\u00f3polis\" href=\"https:\/\/dadocastellobranco.com.br\/en\/portfolio\/praca-ibiapinopolis\/\" data-arts-hover=\"trigger\">\n\t\t\t\t\t\t\t\t\t\t\t\t\t\t\t\t\n\t<div class=\"hover-zoom__inner\">\n\n\t\t\t<div class=\"mask-reveal__layer mask-reveal__layer-1\">\n\t\t\t<div class=\"mask-reveal__layer mask-reveal__layer-2\">\n\t\n\t\t\n\t\t\t\n\t\t\t\t\t\n\t\t\t\t\t\t\t<img loading=\"lazy\" decoding=\"async\" class=\"lazy-bg of-cover\" src=\"data:image\/png;base64,iVBORw0KGgoAAAANSUhEUgAAAAEAAAABCAQAAAHCGzyUAAAABGdBTUEAALGPC\/xhBQAAADhlWElmTU0AKgAAAAgAAYdpAAQAAAABAAAAGgAAAAAAAqACAAQAAAABAAAAAaADAAQAAAABAAAAAQAAAADa6r\/EAAAAC0lEQVQI12NolQQAASYAn89qhTcAAAAASUVORK5CYII=\" data-id=\"3710\" data-src=\"https:\/\/dadocastellobranco.com.br\/wp-content\/uploads\/2023\/03\/image-104.jpeg\" width=\"1440\" height=\"810\" data-srcset=\"https:\/\/dadocastellobranco.com.br\/wp-content\/uploads\/2023\/03\/image-104.jpeg 1440w, https:\/\/dadocastellobranco.com.br\/wp-content\/uploads\/2023\/03\/image-104-300x169.jpeg 300w, https:\/\/dadocastellobranco.com.br\/wp-content\/uploads\/2023\/03\/image-104-1024x576.jpeg 1024w, https:\/\/dadocastellobranco.com.br\/wp-content\/uploads\/2023\/03\/image-104-768x432.jpeg 768w\" data-sizes=\"(max-width: 1440px) 100vw, 1440px\" alt=\"\">\n\t\t\t\t\t\t\t\n\t\t\n\t\t\t\n\t\t\n\t\t\t\t<\/div>\n\t\t<\/div>\n\t\n\t\n\t<\/div>\n\t\t\t\t\t\t\t\t\t\t\t\t\t\t\t<\/a>\n\t\t\t\t\t\t\t\t\t\t\t\t\t\t<div class=\"figure-project__content mt-4\" data-arts-os-animation=\"true\" data-arts-os-animation-name=\"animateText\" data-arts-os-animation-params=\"{&quot;delay&quot;:&quot;0.3&quot;}\">\n\t\t\t\t\t\t\t\n\t\t\t\t\t\t\t\t\t\t\t\t\t\t\t\t\t\t<a class=\"d-inline-block underline-hover pointer-events-auto\" href=\"https:\/\/dadocastellobranco.com.br\/en\/portfolio\/praca-ibiapinopolis\/\" data-arts-hover=\"trigger\">\n\t    <h2\t\t\tclass=\"d-inline-block my-0 h5 underline-hover__target arts-split-text js-arts-split-text\" data-arts-split-text=\"lines\" data-arts-split-text-set=\"lines\" data-arts-split-text-overflow-wrap=\"lines\">Pra\u00e7a Ibiapin\u00f3polis  <\/h2>\n\t\t\t<\/a>\n<div class=\"w-100\"><\/div>\n\t\t\t\t\t\t\t\t\n\t\t\t\t\t\t\t\t\t<\/div>\n\t\t\t\t\t\t<\/div>\n\t\t\t\t\t\t<\/div>\n\t\t\t\t\t\t\t\t\t\t\t\t\t\t\t\t\t\t\t\t\t\t\t<\/div>\n\t\t\t\t\t<\/div>\n\t\t\t\t\t\t\t\t\t<\/div>\n\t\t\t\t\t\t<\/div>\n\t\t<\/div>\n\t\t<\/div>\n\t\t\t\t\t\t<\/div>\n\t\t\t\t<\/div>\n\t\t\t\t\t<\/div>\n\t\t<\/div>\n\t\t\t\t\t<\/div>\n\t\t<\/section>\n\t\t\t\t<\/div>","protected":false},"excerpt":{"rendered":"<p>Empreendimentos Cada empreendimento \u00e9 \u00fanico e possui caracter\u00edsticas que se adaptam a diferentes ambientes e lugares. Levando todas as suas necessidades e desejos em considera\u00e7\u00e3o e visando sempre o conforto. Al\u00e9m de ter um poder transformador na vida das pessoas, o de promover a conviv\u00eancia e mudan\u00e7as de h\u00e1bitos. Vitra \u2013 JHSF Aet\u00e9 \u2013 Setin [&hellip;]<\/p>","protected":false},"author":2,"featured_media":0,"parent":0,"menu_order":0,"comment_status":"closed","ping_status":"closed","template":"elementor_header_footer","meta":{"_acf_changed":false,"footnotes":""},"class_list":["post-2604","page","type-page","status-publish","hentry"],"acf":[],"_links":{"self":[{"href":"https:\/\/dadocastellobranco.com.br\/en\/wp-json\/wp\/v2\/pages\/2604","targetHints":{"allow":["GET"]}}],"collection":[{"href":"https:\/\/dadocastellobranco.com.br\/en\/wp-json\/wp\/v2\/pages"}],"about":[{"href":"https:\/\/dadocastellobranco.com.br\/en\/wp-json\/wp\/v2\/types\/page"}],"author":[{"embeddable":true,"href":"https:\/\/dadocastellobranco.com.br\/en\/wp-json\/wp\/v2\/users\/2"}],"replies":[{"embeddable":true,"href":"https:\/\/dadocastellobranco.com.br\/en\/wp-json\/wp\/v2\/comments?post=2604"}],"version-history":[{"count":64,"href":"https:\/\/dadocastellobranco.com.br\/en\/wp-json\/wp\/v2\/pages\/2604\/revisions"}],"predecessor-version":[{"id":6124,"href":"https:\/\/dadocastellobranco.com.br\/en\/wp-json\/wp\/v2\/pages\/2604\/revisions\/6124"}],"wp:attachment":[{"href":"https:\/\/dadocastellobranco.com.br\/en\/wp-json\/wp\/v2\/media?parent=2604"}],"curies":[{"name":"wp","href":"https:\/\/api.w.org\/{rel}","templated":true}]}}